{"id":1535,"date":"2019-07-17T14:30:15","date_gmt":"2019-07-17T14:30:15","guid":{"rendered":"http:\/\/mycars.digitalatlas.io\/?page_id=1535"},"modified":"2026-02-17T00:50:56","modified_gmt":"2026-02-16T23:50:56","slug":"a-propos","status":"publish","type":"page","link":"https:\/\/asa-autohaus.de\/de\/a-propos\/","title":{"rendered":"\u00dcber"},"content":{"rendered":"<div data-elementor-type=\"wp-post\" data-elementor-id=\"1535\" class=\"elementor elementor-1535\" data-elementor-post-type=\"page\">\n\t\t\t\t<div class=\"elementor-element elementor-element-4fbe424 e-flex e-con-boxed e-con e-parent\" data-id=\"4fbe424\" data-element_type=\"container\" data-e-type=\"container\">\n\t\t\t\t\t<div class=\"e-con-inner\">\n\t\t\t\t<div class=\"elementor-element elementor-element-67f71eb elementor-widget-tablet__width-initial elementor-widget elementor-widget-heading\" data-id=\"67f71eb\" data-element_type=\"widget\" data-e-type=\"widget\" data-widget_type=\"heading.default\">\n\t\t\t\t<div class=\"elementor-widget-container\">\n\t\t\t\t\t<h1 class=\"elementor-heading-title elementor-size-default\">\u00dcber uns<\/h1>\t\t\t\t<\/div>\n\t\t\t\t<\/div>\n\t\t\t\t<div class=\"elementor-element elementor-element-e44c09e elementor-widget-tablet__width-initial elementor-widget elementor-widget-heading\" data-id=\"e44c09e\" data-element_type=\"widget\" data-e-type=\"widget\" data-widget_type=\"heading.default\">\n\t\t\t\t<div class=\"elementor-widget-container\">\n\t\t\t\t\t<h1 class=\"elementor-heading-title elementor-size-default\">Geschichte<\/h1>\t\t\t\t<\/div>\n\t\t\t\t<\/div>\n\t\t\t\t<div class=\"elementor-element elementor-element-e8a7c2a elementor-widget-tablet__width-initial elementor-widget elementor-widget-text-editor\" data-id=\"e8a7c2a\" data-element_type=\"widget\" data-e-type=\"widget\" data-widget_type=\"text-editor.default\">\n\t\t\t\t<div class=\"elementor-widget-container\">\n\t\t\t\t\t\t\t\t\t<p>Wir begannen mit einem kleinen Gebrauchtwagenh\u00e4ndler und verlie\u00dfen uns mehr auf die Vermittlung des Verkaufs von Fahrzeugen auf dem lokalen Markt. Da immer mehr Ausl\u00e4nder ihre Gebrauchtwagen aus Deutschland kauften, begannen wir, massiv in den Exportteil unseres Gesch\u00e4fts zu investieren. Wir verdoppelten unsere Flotte und begannen, Partnerschaften mit anderen H\u00e4ndlern einzugehen, wobei wir sowohl f\u00fcr unsere als auch f\u00fcr ihre Flotte warben. Als wir sahen, dass der Markt immer wettbewerbsintensiver wurde, sp\u00fcrte unser Unternehmen die Notwendigkeit einer gr\u00f6\u00dferen Ver\u00e4nderung, um der Konkurrenz immer einen Schritt voraus zu sein. Nach der Hauptversammlung des Firmenvorstands wurde beschlossen, eine neue Abteilung zu gr\u00fcnden, die an \u00f6ffentlichen oder privaten Auktionen teilnehmen sollte, die von verschiedenen Banken in Deutschland veranstaltet wurden. Unsere Preise fielen und das Verkaufsvolumen stieg exponentiell an. Wir wurden schnell zu einem der f\u00fchrenden Autoh\u00e4ndler auf dem lokalen Markt mit einer j\u00e4hrlichen Umsatzsteigerung von \u00fcber 40%. Als unsere Konkurrenten begannen, unsere Methoden zu erlernen, sp\u00fcrten wir schnell die Notwendigkeit, uns neu zu erfinden und den n\u00e4chsten Schritt in unserem Gesch\u00e4ft zu planen. Unser Unternehmen wurde von unseren derzeitigen Partnern akzeptiert, um der offizielle Verk\u00e4ufer ihrer Fahrzeugflotte zu werden, die sie von ihren s\u00e4umigen Kunden zur\u00fcckerhalten hatten, und unsere Kunden k\u00f6nnen die Fahrzeuge zu einem Festpreis kaufen oder \u00fcber unsere Website an einer Online-Auktion teilnehmen. Von diesem Zeitpunkt an verzeichnete unser Unternehmen einen dramatischen Anstieg des Umsatzes. Wir investieren auch viel in die Online-Ausstellung, da wir dies f\u00fcr den besten Weg halten, um neue M\u00e4rkte in ganz Europa zu erschlie\u00dfen. Derzeit versucht unser Unternehmen, sein Investitionsportfolio zu erweitern und an allen Auktionen teilzunehmen, die von europ\u00e4ischen Banken veranstaltet werden, in der Hoffnung, die Exklusivrechte f\u00fcr den Verkauf von Fahrzeugflotten zu erhalten, die aus Darlehen, Leasing oder Krediten ihrer s\u00e4umigen Kunden zur\u00fcckgewonnen wurden.<\/p>\t\t\t\t\t\t\t\t<\/div>\n\t\t\t\t<\/div>\n\t\t\t\t<div class=\"elementor-element elementor-element-601d021 elementor-widget-tablet__width-initial elementor-widget elementor-widget-heading\" data-id=\"601d021\" data-element_type=\"widget\" data-e-type=\"widget\" data-widget_type=\"heading.default\">\n\t\t\t\t<div class=\"elementor-widget-container\">\n\t\t\t\t\t<h1 class=\"elementor-heading-title elementor-size-default\">Erfahrung<\/h1>\t\t\t\t<\/div>\n\t\t\t\t<\/div>\n\t\t\t\t<div class=\"elementor-element elementor-element-0c6cb64 elementor-widget-tablet__width-initial elementor-widget elementor-widget-text-editor\" data-id=\"0c6cb64\" data-element_type=\"widget\" data-e-type=\"widget\" data-widget_type=\"text-editor.default\">\n\t\t\t\t<div class=\"elementor-widget-container\">\n\t\t\t\t\t\t\t\t\t<p>Mit langj\u00e4hriger Berufserfahrung im Gebrauchtwagengesch\u00e4ft hat unser Management bei jedem Verkauf, jeder Inspektion und jeder Zustandsbewertung h\u00f6chste Priorit\u00e4t und ist zuversichtlich, was den Zustand des von uns verkauften Fahrzeugs angeht. Wir f\u00fchren die Endinspektion der von uns verkauften Fahrzeuge auch dann durch, wenn sie einem unserer Partner geh\u00f6ren. Unser Motto lautet \u00abQualit\u00e4t schl\u00e4gt Preis\u00bb. Aus diesem Grund ist es f\u00fcr jeden im Unternehmen das Wichtigste, dem Endkunden ein qualitativ hochwertiges Produkt anzubieten. Auf diese Weise stellen wir sicher, dass unsere Kunden f\u00fcr einen zuk\u00fcnftigen Kauf auf uns zur\u00fcckkommen. Au\u00dferdem sichert ein hochwertiges Produkt unserem Unternehmen gutes Feedback von unseren Kunden und die M\u00f6glichkeit, dass sie uns an ihre Freunde und Verwandten weiterempfehlen.<\/p>\t\t\t\t\t\t\t\t<\/div>\n\t\t\t\t<\/div>\n\t\t\t\t<div class=\"elementor-element elementor-element-c53f19e elementor-widget-tablet__width-initial elementor-widget elementor-widget-heading\" data-id=\"c53f19e\" data-element_type=\"widget\" data-e-type=\"widget\" data-widget_type=\"heading.default\">\n\t\t\t\t<div class=\"elementor-widget-container\">\n\t\t\t\t\t<h1 class=\"elementor-heading-title elementor-size-default\">Dienste<\/h1>\t\t\t\t<\/div>\n\t\t\t\t<\/div>\n\t\t\t\t<div class=\"elementor-element elementor-element-67b44ff elementor-widget-tablet__width-initial elementor-widget elementor-widget-text-editor\" data-id=\"67b44ff\" data-element_type=\"widget\" data-e-type=\"widget\" data-widget_type=\"text-editor.default\">\n\t\t\t\t<div class=\"elementor-widget-container\">\n\t\t\t\t\t\t\t\t\t<p>Unser Ziel als Unternehmen ist es, unseren Kunden den bestm\u00f6glichen Service zu bieten und den Verkaufsprozess so einfach wie m\u00f6glich zu gestalten. Als Spezialist und Gro\u00dfh\u00e4ndler f\u00fcr hochwertige Gebrauchtwagen bieten wir Ihnen die folgenden Dienstleistungen an:<\/p><ul><li>Bewertung des Zustands von Fahrzeugen<\/li><li>Expertenrat auf Deutsch oder Englisch<\/li><li>Professionelle Verpackung und Details<\/li><li>Rabatt f\u00fcr treue Kunden<\/li><li>Wir bereiten den Verkauf vor, exportieren Dokumente und bieten Beratung f\u00fcr das Zulassungsverfahren in anderen L\u00e4ndern, ohne zus\u00e4tzliche Kosten.<\/li><li>T\u00dcV-Zulassung, entspricht auch den deutschen Vorschriften<\/li><li>1.500 \u20ac Rabatt f\u00fcr wiederkehrende Kunden<\/li><li>Garantie von einem Jahr oder 10.000 km f\u00fcr alle verkauften Fahrzeuge<\/li><li>Weltweiter Transport und Lieferung<\/li><li>Verzollung und Erledigung aller Formalit\u00e4ten<\/li><li>Die besten Preise auf dem Markt und ein Preis\u00fcbereinstimmungsservice<\/li><\/ul>\t\t\t\t\t\t\t\t<\/div>\n\t\t\t\t<\/div>\n\t\t\t\t\t<\/div>\n\t\t\t\t<\/div>\n\t\t\t\t<\/div>","protected":false},"excerpt":{"rendered":"<p>\u00c0 propos de nous Historique\u200b Nous avons commenc\u00e9 avec un petit concessionnaire de v\u00e9hicules d&rsquo;occasion, comptant davantage sur le courtage de vente de v\u00e9hicules sur le march\u00e9 local. \u00c9tant donn\u00e9 que de plus en plus d&rsquo;\u00e9trangers ach\u00e8tent leurs v\u00e9hicules d&rsquo;occasion de l&rsquo;Allemagne, nous avons commenc\u00e9 \u00e0 investir massivement dans la partie exportation de notre activit\u00e9. [&hellip;]<\/p>\n","protected":false},"author":1,"featured_media":0,"parent":0,"menu_order":0,"comment_status":"closed","ping_status":"closed","template":"","meta":{"_acf_changed":false,"footnotes":""},"class_list":["post-1535","page","type-page","status-publish","hentry"],"acf":[],"_links":{"self":[{"href":"https:\/\/asa-autohaus.de\/de\/wp-json\/wp\/v2\/pages\/1535","targetHints":{"allow":["GET"]}}],"collection":[{"href":"https:\/\/asa-autohaus.de\/de\/wp-json\/wp\/v2\/pages"}],"about":[{"href":"https:\/\/asa-autohaus.de\/de\/wp-json\/wp\/v2\/types\/page"}],"author":[{"embeddable":true,"href":"https:\/\/asa-autohaus.de\/de\/wp-json\/wp\/v2\/users\/1"}],"replies":[{"embeddable":true,"href":"https:\/\/asa-autohaus.de\/de\/wp-json\/wp\/v2\/comments?post=1535"}],"version-history":[{"count":22,"href":"https:\/\/asa-autohaus.de\/de\/wp-json\/wp\/v2\/pages\/1535\/revisions"}],"predecessor-version":[{"id":25367,"href":"https:\/\/asa-autohaus.de\/de\/wp-json\/wp\/v2\/pages\/1535\/revisions\/25367"}],"wp:attachment":[{"href":"https:\/\/asa-autohaus.de\/de\/wp-json\/wp\/v2\/media?parent=1535"}],"curies":[{"name":"wp","href":"https:\/\/api.w.org\/{rel}","templated":true}]}}