{"id":23535,"date":"2024-03-07T08:33:00","date_gmt":"2024-03-07T07:33:00","guid":{"rendered":"https:\/\/agepauto.fr\/?page_id=23535"},"modified":"2026-02-17T01:48:08","modified_gmt":"2026-02-17T00:48:08","slug":"rechtliche-hinweise","status":"publish","type":"page","link":"https:\/\/asa-autohaus.de\/de\/rechtliche-hinweise\/","title":{"rendered":"Rechtliche Hinweise"},"content":{"rendered":"<div data-elementor-type=\"wp-page\" data-elementor-id=\"23535\" class=\"elementor elementor-23535\" data-elementor-post-type=\"page\">\n\t\t\t\t<div class=\"elementor-element elementor-element-ad45e5d e-flex e-con-boxed e-con e-parent\" data-id=\"ad45e5d\" data-element_type=\"container\" data-e-type=\"container\">\n\t\t\t\t\t<div class=\"e-con-inner\">\n\t\t\t\t<div class=\"elementor-element elementor-element-1601cc2 elementor-widget-tablet__width-initial elementor-widget elementor-widget-heading\" data-id=\"1601cc2\" data-element_type=\"widget\" data-e-type=\"widget\" data-widget_type=\"heading.default\">\n\t\t\t\t<div class=\"elementor-widget-container\">\n\t\t\t\t\t<h1 class=\"elementor-heading-title elementor-size-default\">Rechtliche Hinweise<\/h1>\t\t\t\t<\/div>\n\t\t\t\t<\/div>\n\t\t\t\t<div class=\"elementor-element elementor-element-f2a9bd9 elementor-widget-tablet__width-initial elementor-widget elementor-widget-heading\" data-id=\"f2a9bd9\" data-element_type=\"widget\" data-e-type=\"widget\" data-widget_type=\"heading.default\">\n\t\t\t\t<div class=\"elementor-widget-container\">\n\t\t\t\t\t<h1 class=\"elementor-heading-title elementor-size-default\">EIGENTUM<\/h1>\t\t\t\t<\/div>\n\t\t\t\t<\/div>\n\t\t\t\t<div class=\"elementor-element elementor-element-19ad913 elementor-widget-tablet__width-initial elementor-widget elementor-widget-text-editor\" data-id=\"19ad913\" data-element_type=\"widget\" data-e-type=\"widget\" data-widget_type=\"text-editor.default\">\n\t\t\t\t<div class=\"elementor-widget-container\">\n\t\t\t\t\t\t\t\t\t<p>Die Seite <span style=\"text-decoration: underline;\"><strong>asa-autohaus.de <\/strong><\/span>ist Eigentum der ASA Autohaus GmbH &amp; Co. KG, einem Unternehmen, das im Handelsregister von <strong>Stendal unter der Nummer HRA 31792<\/strong>, Sitz in <strong>Deutschland<\/strong> : Holzplatz 8, 06110 Halle (Saale)<\/p>\t\t\t\t\t\t\t\t<\/div>\n\t\t\t\t<\/div>\n\t\t\t\t<div class=\"elementor-element elementor-element-f9043d2 elementor-icon-list--layout-traditional elementor-list-item-link-full_width elementor-widget elementor-widget-icon-list\" data-id=\"f9043d2\" data-element_type=\"widget\" data-e-type=\"widget\" data-widget_type=\"icon-list.default\">\n\t\t\t\t<div class=\"elementor-widget-container\">\n\t\t\t\t\t\t\t<ul class=\"elementor-icon-list-items\">\n\t\t\t\t\t\t\t<li class=\"elementor-icon-list-item\">\n\t\t\t\t\t\t\t\t\t\t\t<span class=\"elementor-icon-list-icon\">\n\t\t\t\t\t\t\t<svg aria-hidden=\"true\" class=\"e-font-icon-svg e-fas-circle\" viewbox=\"0 0 512 512\" xmlns=\"http:\/\/www.w3.org\/2000\/svg\"><path d=\"M256 8C119 8 8 119 8 256s111 248 248 248 248-111 248-248S393 8 256 8z\"><\/path><\/svg>\t\t\t\t\t\t<\/span>\n\t\t\t\t\t\t\t\t\t\t<span class=\"elementor-icon-list-text\">Europ\u00e4ische Identifikationsnummer (EUID) : <b>DEJU.HRA31792<\/b><\/span>\n\t\t\t\t\t\t\t\t\t<\/li>\n\t\t\t\t\t\t\t\t<li class=\"elementor-icon-list-item\">\n\t\t\t\t\t\t\t\t\t\t\t<span class=\"elementor-icon-list-icon\">\n\t\t\t\t\t\t\t<svg aria-hidden=\"true\" class=\"e-font-icon-svg e-fas-circle\" viewbox=\"0 0 512 512\" xmlns=\"http:\/\/www.w3.org\/2000\/svg\"><path d=\"M256 8C119 8 8 119 8 256s111 248 248 248 248-111 248-248S393 8 256 8z\"><\/path><\/svg>\t\t\t\t\t\t<\/span>\n\t\t\t\t\t\t\t\t\t\t<span class=\"elementor-icon-list-text\">Umsatzsteuer-Identifikationsnummer : <b>DE355369194<\/b><\/span>\n\t\t\t\t\t\t\t\t\t<\/li>\n\t\t\t\t\t\t\t\t<li class=\"elementor-icon-list-item\">\n\t\t\t\t\t\t\t\t\t\t\t<span class=\"elementor-icon-list-icon\">\n\t\t\t\t\t\t\t<svg aria-hidden=\"true\" class=\"e-font-icon-svg e-fas-circle\" viewbox=\"0 0 512 512\" xmlns=\"http:\/\/www.w3.org\/2000\/svg\"><path d=\"M256 8C119 8 8 119 8 256s111 248 248 248 248-111 248-248S393 8 256 8z\"><\/path><\/svg>\t\t\t\t\t\t<\/span>\n\t\t\t\t\t\t\t\t\t\t<span class=\"elementor-icon-list-text\">Verantwortlich f\u00fcr die Ver\u00f6ffentlichung : <b>Doreen Albrecht<\/b><\/span>\n\t\t\t\t\t\t\t\t\t<\/li>\n\t\t\t\t\t\t<\/ul>\n\t\t\t\t\t\t<\/div>\n\t\t\t\t<\/div>\n\t\t\t\t<div class=\"elementor-element elementor-element-aa76354 elementor-widget-tablet__width-initial elementor-widget elementor-widget-heading\" data-id=\"aa76354\" data-element_type=\"widget\" data-e-type=\"widget\" data-widget_type=\"heading.default\">\n\t\t\t\t<div class=\"elementor-widget-container\">\n\t\t\t\t\t<h1 class=\"elementor-heading-title elementor-size-default\">DATENSCHUTZRICHTLINIE\n<\/h1>\t\t\t\t<\/div>\n\t\t\t\t<\/div>\n\t\t\t\t<div class=\"elementor-element elementor-element-f90d753 elementor-widget-tablet__width-initial elementor-widget elementor-widget-text-editor\" data-id=\"f90d753\" data-element_type=\"widget\" data-e-type=\"widget\" data-widget_type=\"text-editor.default\">\n\t\t\t\t<div class=\"elementor-widget-container\">\n\t\t\t\t\t\t\t\t\tNur Daten, die sich auf das Kontaktformular beziehen, wenn Sie uns auf diese Weise kontaktieren m\u00f6chten, und ggf. Daten, die sich auf Ihre Registrierung auf der Website oder Ihre Bestellungen im Online-Shop beziehen (Anrede, Name, Vorname, Organisation, E-Mail, Telefon, Postleitzahl, Ihre Nachricht). Diese Daten werden ausschlie\u00dflich zu dem Zweck erhoben, mit Ihnen kommunizieren zu k\u00f6nnen, indem wir Ihre Anfrage beantworten, wenn Sie das Kontaktformular Mein Auto konfigurieren verwendet haben, Sie \u00fcber unsere Neuigkeiten zu informieren, wenn Sie den Newsletter abonniert haben, und Ihre Bestellungen zu bearbeiten, wenn Sie einen Online-Kauf get\u00e4tigt haben. Ihre Daten werden nicht an Dritte weiterverkauft. - Diese Formulardaten werden in der Datenbank der Website maximal drei Jahre lang aufbewahrt. Um Ihre Daten zu sch\u00fctzen, werden auf dieser Website mindestens folgende Schutzma\u00dfnahmen verwendet: Einrichtung eines https-Protokolls, Verschl\u00fcsselung von cms-Passw\u00f6rtern, DDoS-Schutz.\n\t\t\t\t\t\t\t\t<\/div>\n\t\t\t\t<\/div>\n\t\t\t\t<div class=\"elementor-element elementor-element-b9be550 elementor-widget-tablet__width-initial elementor-widget elementor-widget-heading\" data-id=\"b9be550\" data-element_type=\"widget\" data-e-type=\"widget\" data-widget_type=\"heading.default\">\n\t\t\t\t<div class=\"elementor-widget-container\">\n\t\t\t\t\t<h1 class=\"elementor-heading-title elementor-size-default\">ALLGEMEINE BEDINGUNGEN F\u00dcR DIE NUTZUNG DER WEBSITE\n<\/h1>\t\t\t\t<\/div>\n\t\t\t\t<\/div>\n\t\t\t\t<div class=\"elementor-element elementor-element-d0e3b51 elementor-widget-tablet__width-initial elementor-widget elementor-widget-text-editor\" data-id=\"d0e3b51\" data-element_type=\"widget\" data-e-type=\"widget\" data-widget_type=\"text-editor.default\">\n\t\t\t\t<div class=\"elementor-widget-container\">\n\t\t\t\t\t\t\t\t\tDie auf der Website bereitgestellten Informationen dienen nur zu Informationszwecken und k\u00f6nnen nicht f\u00fcr die Richtigkeit, Vollst\u00e4ndigkeit und Aktualit\u00e4t der auf der Website verbreiteten Informationen garantiert werden. Der Verantwortliche f\u00fcr die Ver\u00f6ffentlichung unternimmt alle Anstrengungen, um den Nutzern gepr\u00fcfte Informationen anzubieten, kann jedoch nicht f\u00fcr Fehler, Auslassungen oder die fehlende Verf\u00fcgbarkeit von Informationen haftbar gemacht werden. Folglich erkennt der Nutzer an, dass er diese Informationen auf eigene Verantwortung nutzt. Im Allgemeinen kann der Herausgeber nicht f\u00fcr direkte oder indirekte Sch\u00e4den haftbar gemacht werden, die sich aus der Nutzung dieser Website oder anderer mit ihr verlinkter Websites ergeben. Externe Websites, die einen Hyperlink zu dieser Website haben, unterliegen nicht ihrer Kontrolle und der Verantwortliche f\u00fcr die Ver\u00f6ffentlichung lehnt folglich jede Haftung f\u00fcr deren Inhalt ab. \n\n\t\t\t\t\t\t\t\t<\/div>\n\t\t\t\t<\/div>\n\t\t\t\t\t<\/div>\n\t\t\t\t<\/div>\n\t\t\t\t<\/div>","protected":false},"excerpt":{"rendered":"<p>PROPRI\u00c9T\u00c9 Le site asa-autohaus.de est la propri\u00e9t\u00e9 de ASA Autohaus GmbH &amp; Co. KG, entreprise immatricul\u00e9e aupr\u00e8s du registre du commerce et des soci\u00e9t\u00e9s de Stendal sous le num\u00e9ro HRA 31792, Si\u00e8ge en Allemagne : Holzplatz 8, 06110 Halle (Saale) Num\u00e9ro d&rsquo;identification europ\u00e9en (EUID) : DEJU.HRA31792 Num\u00e9ro TVA : DE355369194 Responsables de la publication : [&hellip;]<\/p>\n","protected":false},"author":1,"featured_media":0,"parent":0,"menu_order":0,"comment_status":"closed","ping_status":"closed","template":"","meta":{"_acf_changed":false,"footnotes":""},"class_list":["post-23535","page","type-page","status-publish","hentry"],"acf":[],"_links":{"self":[{"href":"https:\/\/asa-autohaus.de\/de\/wp-json\/wp\/v2\/pages\/23535","targetHints":{"allow":["GET"]}}],"collection":[{"href":"https:\/\/asa-autohaus.de\/de\/wp-json\/wp\/v2\/pages"}],"about":[{"href":"https:\/\/asa-autohaus.de\/de\/wp-json\/wp\/v2\/types\/page"}],"author":[{"embeddable":true,"href":"https:\/\/asa-autohaus.de\/de\/wp-json\/wp\/v2\/users\/1"}],"replies":[{"embeddable":true,"href":"https:\/\/asa-autohaus.de\/de\/wp-json\/wp\/v2\/comments?post=23535"}],"version-history":[{"count":23,"href":"https:\/\/asa-autohaus.de\/de\/wp-json\/wp\/v2\/pages\/23535\/revisions"}],"predecessor-version":[{"id":25412,"href":"https:\/\/asa-autohaus.de\/de\/wp-json\/wp\/v2\/pages\/23535\/revisions\/25412"}],"wp:attachment":[{"href":"https:\/\/asa-autohaus.de\/de\/wp-json\/wp\/v2\/media?parent=23535"}],"curies":[{"name":"wp","href":"https:\/\/api.w.org\/{rel}","templated":true}]}}