{"id":1535,"date":"2019-07-17T14:30:15","date_gmt":"2019-07-17T14:30:15","guid":{"rendered":"http:\/\/mycars.digitalatlas.io\/?page_id=1535"},"modified":"2026-02-17T00:50:56","modified_gmt":"2026-02-16T23:50:56","slug":"a-propos","status":"publish","type":"page","link":"https:\/\/asa-autohaus.de\/es\/a-propos\/","title":{"rendered":"Qui\u00e9nes somos"},"content":{"rendered":"<div data-elementor-type=\"wp-post\" data-elementor-id=\"1535\" class=\"elementor elementor-1535\" data-elementor-post-type=\"page\">\n\t\t\t\t<div class=\"elementor-element elementor-element-4fbe424 e-flex e-con-boxed e-con e-parent\" data-id=\"4fbe424\" data-element_type=\"container\" data-e-type=\"container\">\n\t\t\t\t\t<div class=\"e-con-inner\">\n\t\t\t\t<div class=\"elementor-element elementor-element-67f71eb elementor-widget-tablet__width-initial elementor-widget elementor-widget-heading\" data-id=\"67f71eb\" data-element_type=\"widget\" data-e-type=\"widget\" data-widget_type=\"heading.default\">\n\t\t\t\t<div class=\"elementor-widget-container\">\n\t\t\t\t\t<h1 class=\"elementor-heading-title elementor-size-default\">Qui\u00e9nes somos<\/h1>\t\t\t\t<\/div>\n\t\t\t\t<\/div>\n\t\t\t\t<div class=\"elementor-element elementor-element-e44c09e elementor-widget-tablet__width-initial elementor-widget elementor-widget-heading\" data-id=\"e44c09e\" data-element_type=\"widget\" data-e-type=\"widget\" data-widget_type=\"heading.default\">\n\t\t\t\t<div class=\"elementor-widget-container\">\n\t\t\t\t\t<h1 class=\"elementor-heading-title elementor-size-default\">Historia<\/h1>\t\t\t\t<\/div>\n\t\t\t\t<\/div>\n\t\t\t\t<div class=\"elementor-element elementor-element-e8a7c2a elementor-widget-tablet__width-initial elementor-widget elementor-widget-text-editor\" data-id=\"e8a7c2a\" data-element_type=\"widget\" data-e-type=\"widget\" data-widget_type=\"text-editor.default\">\n\t\t\t\t<div class=\"elementor-widget-container\">\n\t\t\t\t\t\t\t\t\t<p>Empezamos como un peque\u00f1o concesionario de coches usados, dedic\u00e1ndonos m\u00e1s a la intermediaci\u00f3n en la venta de veh\u00edculos en el mercado local. Como cada vez m\u00e1s extranjeros compraban sus coches usados en Alemania, empezamos a invertir mucho en la exportaci\u00f3n. Duplicamos nuestra flota y empezamos a asociarnos con otros concesionarios, publicitando tanto nuestra flota como la suya. Como el mercado era cada vez m\u00e1s competitivo, nuestra empresa sinti\u00f3 la necesidad de un cambio importante para mantenerse por delante de la competencia. Tras una reuni\u00f3n general del consejo de administraci\u00f3n de la empresa, se decidi\u00f3 crear una nueva divisi\u00f3n que participar\u00eda en subastas p\u00fablicas y privadas organizadas por diversos bancos de Alemania. Nuestros precios bajaron y el volumen de ventas aument\u00f3 exponencialmente. R\u00e1pidamente nos convertimos en uno de los principales concesionarios de autom\u00f3viles del mercado local, con un crecimiento anual de las ventas superior a 40%. Cuando nuestros competidores empezaron a aprender nuestros m\u00e9todos, sentimos r\u00e1pidamente la necesidad de reinventarnos y planificar la siguiente etapa de nuestro negocio. Nuestra empresa fue aceptada por nuestros socios actuales para convertirse en el vendedor oficial de su flota de veh\u00edculos recuperados de sus clientes impagadores y nuestros clientes pueden comprar los veh\u00edculos a un precio fijo o participar en una subasta en l\u00ednea a trav\u00e9s de nuestro sitio web. Desde entonces, nuestra empresa ha experimentado un espectacular aumento del volumen de negocio. Tambi\u00e9n estamos invirtiendo mucho en la exposici\u00f3n en l\u00ednea, ya que consideramos que es la mejor manera de acceder a nuevos mercados en toda Europa. En la actualidad, nuestra empresa pretende ampliar su cartera de inversiones y participar en todas las subastas organizadas por los bancos europeos, con la esperanza de obtener derechos exclusivos para vender las flotas de veh\u00edculos recuperados de los pr\u00e9stamos, arrendamientos o cr\u00e9ditos de sus clientes morosos.<\/p>\t\t\t\t\t\t\t\t<\/div>\n\t\t\t\t<\/div>\n\t\t\t\t<div class=\"elementor-element elementor-element-601d021 elementor-widget-tablet__width-initial elementor-widget elementor-widget-heading\" data-id=\"601d021\" data-element_type=\"widget\" data-e-type=\"widget\" data-widget_type=\"heading.default\">\n\t\t\t\t<div class=\"elementor-widget-container\">\n\t\t\t\t\t<h1 class=\"elementor-heading-title elementor-size-default\">Experiencia<\/h1>\t\t\t\t<\/div>\n\t\t\t\t<\/div>\n\t\t\t\t<div class=\"elementor-element elementor-element-0c6cb64 elementor-widget-tablet__width-initial elementor-widget elementor-widget-text-editor\" data-id=\"0c6cb64\" data-element_type=\"widget\" data-e-type=\"widget\" data-widget_type=\"text-editor.default\">\n\t\t\t\t<div class=\"elementor-widget-container\">\n\t\t\t\t\t\t\t\t\t<p>Con una amplia experiencia profesional en el negocio de los veh\u00edculos de ocasi\u00f3n, nuestra direcci\u00f3n da la m\u00e1xima prioridad a cada venta, inspecci\u00f3n y evaluaci\u00f3n del estado y conf\u00eda en el estado del veh\u00edculo que vendemos. Realizamos la inspecci\u00f3n final de los veh\u00edculos que vendemos, incluso si pertenecen a uno de nuestros socios. Nuestro lema es \u00abLa calidad supera al precio\u00bb. Por eso, lo m\u00e1s importante para todos en la empresa es ofrecer al cliente final un producto de alta calidad. De este modo, nos aseguramos de que nuestros clientes vuelvan a nosotros para una futura compra. Adem\u00e1s, un producto de alta calidad garantizar\u00e1 que nuestra empresa reciba buenos comentarios de nuestros clientes y que nos recomienden a sus amigos y familiares.<\/p>\t\t\t\t\t\t\t\t<\/div>\n\t\t\t\t<\/div>\n\t\t\t\t<div class=\"elementor-element elementor-element-c53f19e elementor-widget-tablet__width-initial elementor-widget elementor-widget-heading\" data-id=\"c53f19e\" data-element_type=\"widget\" data-e-type=\"widget\" data-widget_type=\"heading.default\">\n\t\t\t\t<div class=\"elementor-widget-container\">\n\t\t\t\t\t<h1 class=\"elementor-heading-title elementor-size-default\">Servicios<\/h1>\t\t\t\t<\/div>\n\t\t\t\t<\/div>\n\t\t\t\t<div class=\"elementor-element elementor-element-67b44ff elementor-widget-tablet__width-initial elementor-widget elementor-widget-text-editor\" data-id=\"67b44ff\" data-element_type=\"widget\" data-e-type=\"widget\" data-widget_type=\"text-editor.default\">\n\t\t\t\t<div class=\"elementor-widget-container\">\n\t\t\t\t\t\t\t\t\t<p>Nuestro objetivo como empresa es servir a nuestros clientes de la mejor manera posible y hacer que el proceso de venta sea lo m\u00e1s sencillo posible. Como especialistas y mayoristas de veh\u00edculos de ocasi\u00f3n de alta gama, ofrecemos los siguientes servicios:<\/p><ul><li>Evaluaci\u00f3n del estado del veh\u00edculo<\/li><li>Asesoramiento experto en alem\u00e1n o ingl\u00e9s<\/li><li>Embalaje y detalles profesionales<\/li><li>Descuento para clientes fieles<\/li><li>Preparamos la venta, los documentos de exportaci\u00f3n y ofrecemos asesoramiento sobre el procedimiento de registro en otros pa\u00edses, sin coste adicional.<\/li><li>Homologado por T\u00dcV, tambi\u00e9n cumple la normativa alemana<\/li><li>1.500 de descuento para clientes habituales<\/li><li>Garant\u00eda de un a\u00f1o\/10.000 km en todos los veh\u00edculos vendidos<\/li><li>Transporte y entrega en todo el mundo<\/li><li>Despacho de aduanas y realizaci\u00f3n de todos los tr\u00e1mites<\/li><li>Los mejores precios del mercado y un servicio de igualaci\u00f3n de precios<\/li><\/ul>\t\t\t\t\t\t\t\t<\/div>\n\t\t\t\t<\/div>\n\t\t\t\t\t<\/div>\n\t\t\t\t<\/div>\n\t\t\t\t<\/div>","protected":false},"excerpt":{"rendered":"<p>\u00c0 propos de nous Historique\u200b Nous avons commenc\u00e9 avec un petit concessionnaire de v\u00e9hicules d&rsquo;occasion, comptant davantage sur le courtage de vente de v\u00e9hicules sur le march\u00e9 local. \u00c9tant donn\u00e9 que de plus en plus d&rsquo;\u00e9trangers ach\u00e8tent leurs v\u00e9hicules d&rsquo;occasion de l&rsquo;Allemagne, nous avons commenc\u00e9 \u00e0 investir massivement dans la partie exportation de notre activit\u00e9. [&hellip;]<\/p>\n","protected":false},"author":1,"featured_media":0,"parent":0,"menu_order":0,"comment_status":"closed","ping_status":"closed","template":"","meta":{"_acf_changed":false,"footnotes":""},"class_list":["post-1535","page","type-page","status-publish","hentry"],"acf":[],"_links":{"self":[{"href":"https:\/\/asa-autohaus.de\/es\/wp-json\/wp\/v2\/pages\/1535","targetHints":{"allow":["GET"]}}],"collection":[{"href":"https:\/\/asa-autohaus.de\/es\/wp-json\/wp\/v2\/pages"}],"about":[{"href":"https:\/\/asa-autohaus.de\/es\/wp-json\/wp\/v2\/types\/page"}],"author":[{"embeddable":true,"href":"https:\/\/asa-autohaus.de\/es\/wp-json\/wp\/v2\/users\/1"}],"replies":[{"embeddable":true,"href":"https:\/\/asa-autohaus.de\/es\/wp-json\/wp\/v2\/comments?post=1535"}],"version-history":[{"count":22,"href":"https:\/\/asa-autohaus.de\/es\/wp-json\/wp\/v2\/pages\/1535\/revisions"}],"predecessor-version":[{"id":25367,"href":"https:\/\/asa-autohaus.de\/es\/wp-json\/wp\/v2\/pages\/1535\/revisions\/25367"}],"wp:attachment":[{"href":"https:\/\/asa-autohaus.de\/es\/wp-json\/wp\/v2\/media?parent=1535"}],"curies":[{"name":"wp","href":"https:\/\/api.w.org\/{rel}","templated":true}]}}