{"id":1535,"date":"2019-07-17T14:30:15","date_gmt":"2019-07-17T14:30:15","guid":{"rendered":"http:\/\/mycars.digitalatlas.io\/?page_id=1535"},"modified":"2026-02-17T00:50:56","modified_gmt":"2026-02-16T23:50:56","slug":"a-propos","status":"publish","type":"page","link":"https:\/\/asa-autohaus.de\/fr\/a-propos\/","title":{"rendered":"\u00c0 propos"},"content":{"rendered":"\t\t<div data-elementor-type=\"wp-post\" data-elementor-id=\"1535\" class=\"elementor elementor-1535\" data-elementor-post-type=\"page\">\n\t\t\t\t<div class=\"elementor-element elementor-element-4fbe424 e-flex e-con-boxed e-con e-parent\" data-id=\"4fbe424\" data-element_type=\"container\" data-e-type=\"container\">\n\t\t\t\t\t<div class=\"e-con-inner\">\n\t\t\t\t<div class=\"elementor-element elementor-element-67f71eb elementor-widget-tablet__width-initial elementor-widget elementor-widget-heading\" data-id=\"67f71eb\" data-element_type=\"widget\" data-e-type=\"widget\" data-widget_type=\"heading.default\">\n\t\t\t\t<div class=\"elementor-widget-container\">\n\t\t\t\t\t<h1 class=\"elementor-heading-title elementor-size-default\">\u00c0 propos de nous<\/h1>\t\t\t\t<\/div>\n\t\t\t\t<\/div>\n\t\t\t\t<div class=\"elementor-element elementor-element-e44c09e elementor-widget-tablet__width-initial elementor-widget elementor-widget-heading\" data-id=\"e44c09e\" data-element_type=\"widget\" data-e-type=\"widget\" data-widget_type=\"heading.default\">\n\t\t\t\t<div class=\"elementor-widget-container\">\n\t\t\t\t\t<h1 class=\"elementor-heading-title elementor-size-default\">Historique\u200b<\/h1>\t\t\t\t<\/div>\n\t\t\t\t<\/div>\n\t\t\t\t<div class=\"elementor-element elementor-element-e8a7c2a elementor-widget-tablet__width-initial elementor-widget elementor-widget-text-editor\" data-id=\"e8a7c2a\" data-element_type=\"widget\" data-e-type=\"widget\" data-widget_type=\"text-editor.default\">\n\t\t\t\t<div class=\"elementor-widget-container\">\n\t\t\t\t\t\t\t\t\t<p>Nous avons commenc\u00e9 avec un petit concessionnaire de v\u00e9hicules d&rsquo;occasion, comptant davantage sur le courtage de vente de v\u00e9hicules sur le march\u00e9 local. \u00c9tant donn\u00e9 que de plus en plus d&rsquo;\u00e9trangers ach\u00e8tent leurs v\u00e9hicules d&rsquo;occasion de l&rsquo;Allemagne, nous avons commenc\u00e9 \u00e0 investir massivement dans la partie exportation de notre activit\u00e9. Nous avons doubl\u00e9 notre flotte et nous avons commenc\u00e9 \u00e0 signer des partenariats avec d&rsquo;autres concessionnaires, en faisant de la publicit\u00e9 pour notre flotte et pour la leur. Voyant que le march\u00e9 devient de plus en plus concurrentiel, notre entreprise a ressenti le besoin d&rsquo;un changement majeur afin de garder une longueur d&rsquo;avance sur ses concurrents. Apr\u00e8s l&rsquo;assembl\u00e9e g\u00e9n\u00e9rale du conseil d&rsquo;administration de la soci\u00e9t\u00e9, il a \u00e9t\u00e9 d\u00e9cid\u00e9 de cr\u00e9er une nouvelle division qui participera aux ench\u00e8res publiques ou priv\u00e9es organis\u00e9es par diff\u00e9rentes banques d&rsquo;Allemagne. Nos prix ont baiss\u00e9 et le volume des ventes a augment\u00e9 de mani\u00e8re exponentielle. Nous sommes rapidement devenus l&rsquo;un des principaux concessionnaires automobiles sur le march\u00e9 local, avec une augmentation annuelle du chiffre d&rsquo;affaires de plus de 40%. Comme nos concurrents ont commenc\u00e9 \u00e0 apprendre nos m\u00e9thodes, nous avons rapidement ressenti le besoin de nous r\u00e9inventer et de planifier la prochaine \u00e9tape de notre activit\u00e9. Notre soci\u00e9t\u00e9 a \u00e9t\u00e9 accept\u00e9e par nos partenaires actuels pour devenir le vendeur officiel de leur flotte de v\u00e9hicules r\u00e9cup\u00e9r\u00e9s aupr\u00e8s de leurs clients mauvais payeurs et nos clients peuvent acheter les v\u00e9hicules \u00e0 un prix fixe ou participer \u00e0 une vente aux ench\u00e8res en ligne via notre site web. \u00c0 partir de ce moment, notre entreprise a connu une augmentation spectaculaire de son chiffre d&rsquo;affaires. Nous investissons \u00e9galement beaucoup dans l&rsquo;exposition en ligne, consid\u00e9rant que c&rsquo;est le meilleur moyen d&rsquo;acc\u00e9der \u00e0 de nouveaux march\u00e9s dans toute l&rsquo;Europe. Actuellement, notre soci\u00e9t\u00e9 cherche \u00e0 \u00e9largir son portefeuille d&rsquo;investissement et \u00e0 participer \u00e0 toutes les ventes aux ench\u00e8res organis\u00e9es par les banques europ\u00e9ennes, dans l&rsquo;espoir d&rsquo;obtenir l&rsquo;exclusivit\u00e9 pour vendre les parcs de v\u00e9hicules r\u00e9cup\u00e9r\u00e9s sur les pr\u00eats, les locations ou les cr\u00e9dits de leurs clients mauvais payeurs.<\/p>\t\t\t\t\t\t\t\t<\/div>\n\t\t\t\t<\/div>\n\t\t\t\t<div class=\"elementor-element elementor-element-601d021 elementor-widget-tablet__width-initial elementor-widget elementor-widget-heading\" data-id=\"601d021\" data-element_type=\"widget\" data-e-type=\"widget\" data-widget_type=\"heading.default\">\n\t\t\t\t<div class=\"elementor-widget-container\">\n\t\t\t\t\t<h1 class=\"elementor-heading-title elementor-size-default\">Exp\u00e9rience\u200b<\/h1>\t\t\t\t<\/div>\n\t\t\t\t<\/div>\n\t\t\t\t<div class=\"elementor-element elementor-element-0c6cb64 elementor-widget-tablet__width-initial elementor-widget elementor-widget-text-editor\" data-id=\"0c6cb64\" data-element_type=\"widget\" data-e-type=\"widget\" data-widget_type=\"text-editor.default\">\n\t\t\t\t<div class=\"elementor-widget-container\">\n\t\t\t\t\t\t\t\t\t<p>Avec une grande exp\u00e9rience professionnelle dans le domaine des v\u00e9hicules d&rsquo;occasion, notre direction fait de chaque vente, inspection et \u00e9valuation de l&rsquo;\u00e9tat des v\u00e9hicules la priorit\u00e9 absolue et est confiant quant \u00e0 l&rsquo;\u00e9tat du v\u00e9hicule que nous vendons. Nous effectuons l&rsquo;inspection finale des v\u00e9hicules que nous vendons m\u00eame s&rsquo;ils appartiennent \u00e0 l&rsquo;un de nos partenaires. Notre devise est \u00ab La qualit\u00e9 bat le prix! \u00bb. Pour cette raison, la chose la plus importante pour tout le monde dans l&rsquo;entreprise est d&rsquo;offrir au client final un produit de haute qualit\u00e9. De cette fa\u00e7on, nous nous assurons que nos clients nous reviendront pour un futur achat. De plus, un produit de haute qualit\u00e9 assurera \u00e0 notre entreprise de bons retours de nos clients et la possibilit\u00e9 qu&rsquo;ils nous recommandent \u00e0 ses amis et les proches.<\/p>\t\t\t\t\t\t\t\t<\/div>\n\t\t\t\t<\/div>\n\t\t\t\t<div class=\"elementor-element elementor-element-c53f19e elementor-widget-tablet__width-initial elementor-widget elementor-widget-heading\" data-id=\"c53f19e\" data-element_type=\"widget\" data-e-type=\"widget\" data-widget_type=\"heading.default\">\n\t\t\t\t<div class=\"elementor-widget-container\">\n\t\t\t\t\t<h1 class=\"elementor-heading-title elementor-size-default\">Services\u200b<\/h1>\t\t\t\t<\/div>\n\t\t\t\t<\/div>\n\t\t\t\t<div class=\"elementor-element elementor-element-67b44ff elementor-widget-tablet__width-initial elementor-widget elementor-widget-text-editor\" data-id=\"67b44ff\" data-element_type=\"widget\" data-e-type=\"widget\" data-widget_type=\"text-editor.default\">\n\t\t\t\t<div class=\"elementor-widget-container\">\n\t\t\t\t\t\t\t\t\t<p>Notre objectif en tant qu&rsquo;entreprise est de servir nos clients de la meilleure fa\u00e7on possible et de leur offrir un processus de vente aussi simple que possible. En tant que sp\u00e9cialistes et grossistes de v\u00e9hicules d&rsquo;occasion haut de gamme, nous vous proposons les services suivants:<\/p><ul><li>\u00c9valuation de l&rsquo;\u00e9tat des v\u00e9hicules<\/li><li>Conseils d&rsquo;experts en allemand ou anglais<\/li><li>Conditionnement et d\u00e9tails professionnels<\/li><li>Remise pour les clients fid\u00e8les<\/li><li>Nous pr\u00e9parons la vente, l&rsquo;exportation documents et offrons des conseils pour la proc\u00e9dure d&rsquo;immatriculation dans d&rsquo;autres pays, sans frais suppl\u00e9mentaires<\/li><li>T\u00dcV homologation, \u00e9galement conforme \u00e0 la r\u00e9glementation allemande<\/li><li>1 500 \u20ac r\u00e9duction pour les clients qui reviennent<\/li><li>Garantie d&rsquo;un an ou 10 000 km pour tous les v\u00e9hicules vendus<\/li><li>Transport et livraison dans le monde entier<\/li><li>D\u00e9douanement et accomplissement de toutes les formalit\u00e9s<\/li><li>Les meilleurs prix du march\u00e9 et un service de correspondance des prix<\/li><\/ul>\t\t\t\t\t\t\t\t<\/div>\n\t\t\t\t<\/div>\n\t\t\t\t\t<\/div>\n\t\t\t\t<\/div>\n\t\t\t\t<\/div>\n\t\t","protected":false},"excerpt":{"rendered":"<p>\u00c0 propos de nous Historique\u200b Nous avons commenc\u00e9 avec un petit concessionnaire de v\u00e9hicules d&rsquo;occasion, comptant davantage sur le courtage de vente de v\u00e9hicules sur le march\u00e9 local. \u00c9tant donn\u00e9 que de plus en plus d&rsquo;\u00e9trangers ach\u00e8tent leurs v\u00e9hicules d&rsquo;occasion de l&rsquo;Allemagne, nous avons commenc\u00e9 \u00e0 investir massivement dans la partie exportation de notre activit\u00e9. [&hellip;]<\/p>\n","protected":false},"author":1,"featured_media":0,"parent":0,"menu_order":0,"comment_status":"closed","ping_status":"closed","template":"","meta":{"_acf_changed":false,"footnotes":""},"class_list":["post-1535","page","type-page","status-publish","hentry"],"acf":[],"_links":{"self":[{"href":"https:\/\/asa-autohaus.de\/fr\/wp-json\/wp\/v2\/pages\/1535","targetHints":{"allow":["GET"]}}],"collection":[{"href":"https:\/\/asa-autohaus.de\/fr\/wp-json\/wp\/v2\/pages"}],"about":[{"href":"https:\/\/asa-autohaus.de\/fr\/wp-json\/wp\/v2\/types\/page"}],"author":[{"embeddable":true,"href":"https:\/\/asa-autohaus.de\/fr\/wp-json\/wp\/v2\/users\/1"}],"replies":[{"embeddable":true,"href":"https:\/\/asa-autohaus.de\/fr\/wp-json\/wp\/v2\/comments?post=1535"}],"version-history":[{"count":22,"href":"https:\/\/asa-autohaus.de\/fr\/wp-json\/wp\/v2\/pages\/1535\/revisions"}],"predecessor-version":[{"id":25367,"href":"https:\/\/asa-autohaus.de\/fr\/wp-json\/wp\/v2\/pages\/1535\/revisions\/25367"}],"wp:attachment":[{"href":"https:\/\/asa-autohaus.de\/fr\/wp-json\/wp\/v2\/media?parent=1535"}],"curies":[{"name":"wp","href":"https:\/\/api.w.org\/{rel}","templated":true}]}}