{"id":23535,"date":"2024-03-07T08:33:00","date_gmt":"2024-03-07T07:33:00","guid":{"rendered":"https:\/\/agepauto.fr\/?page_id=23535"},"modified":"2026-02-17T01:48:08","modified_gmt":"2026-02-17T00:48:08","slug":"mentions-legales","status":"publish","type":"page","link":"https:\/\/asa-autohaus.de\/fr\/mentions-legales\/","title":{"rendered":"Mentions l\u00e9gales"},"content":{"rendered":"\t\t<div data-elementor-type=\"wp-page\" data-elementor-id=\"23535\" class=\"elementor elementor-23535\" data-elementor-post-type=\"page\">\n\t\t\t\t<div class=\"elementor-element elementor-element-ad45e5d e-flex e-con-boxed e-con e-parent\" data-id=\"ad45e5d\" data-element_type=\"container\" data-e-type=\"container\">\n\t\t\t\t\t<div class=\"e-con-inner\">\n\t\t\t\t<div class=\"elementor-element elementor-element-1601cc2 elementor-widget-tablet__width-initial elementor-widget elementor-widget-heading\" data-id=\"1601cc2\" data-element_type=\"widget\" data-e-type=\"widget\" data-widget_type=\"heading.default\">\n\t\t\t\t<div class=\"elementor-widget-container\">\n\t\t\t\t\t<h1 class=\"elementor-heading-title elementor-size-default\">Mentions l\u00e9gales<\/h1>\t\t\t\t<\/div>\n\t\t\t\t<\/div>\n\t\t\t\t<div class=\"elementor-element elementor-element-f2a9bd9 elementor-widget-tablet__width-initial elementor-widget elementor-widget-heading\" data-id=\"f2a9bd9\" data-element_type=\"widget\" data-e-type=\"widget\" data-widget_type=\"heading.default\">\n\t\t\t\t<div class=\"elementor-widget-container\">\n\t\t\t\t\t<h1 class=\"elementor-heading-title elementor-size-default\">PROPRI\u00c9T\u00c9<\/h1>\t\t\t\t<\/div>\n\t\t\t\t<\/div>\n\t\t\t\t<div class=\"elementor-element elementor-element-19ad913 elementor-widget-tablet__width-initial elementor-widget elementor-widget-text-editor\" data-id=\"19ad913\" data-element_type=\"widget\" data-e-type=\"widget\" data-widget_type=\"text-editor.default\">\n\t\t\t\t<div class=\"elementor-widget-container\">\n\t\t\t\t\t\t\t\t\t<p>Le site <span style=\"text-decoration: underline;\"><strong>asa-autohaus.de <\/strong><\/span>est la propri\u00e9t\u00e9 de ASA Autohaus GmbH &amp; Co. KG, entreprise immatricul\u00e9e aupr\u00e8s du registre du commerce et des soci\u00e9t\u00e9s de <strong>Stendal sous le num\u00e9ro HRA 31792<\/strong>, Si\u00e8ge en <strong>Allemagne<\/strong> : Holzplatz 8, 06110 Halle (Saale)<\/p>\t\t\t\t\t\t\t\t<\/div>\n\t\t\t\t<\/div>\n\t\t\t\t<div class=\"elementor-element elementor-element-f9043d2 elementor-icon-list--layout-traditional elementor-list-item-link-full_width elementor-widget elementor-widget-icon-list\" data-id=\"f9043d2\" data-element_type=\"widget\" data-e-type=\"widget\" data-widget_type=\"icon-list.default\">\n\t\t\t\t<div class=\"elementor-widget-container\">\n\t\t\t\t\t\t\t<ul class=\"elementor-icon-list-items\">\n\t\t\t\t\t\t\t<li class=\"elementor-icon-list-item\">\n\t\t\t\t\t\t\t\t\t\t\t<span class=\"elementor-icon-list-icon\">\n\t\t\t\t\t\t\t<svg aria-hidden=\"true\" class=\"e-font-icon-svg e-fas-circle\" viewBox=\"0 0 512 512\" xmlns=\"http:\/\/www.w3.org\/2000\/svg\"><path d=\"M256 8C119 8 8 119 8 256s111 248 248 248 248-111 248-248S393 8 256 8z\"><\/path><\/svg>\t\t\t\t\t\t<\/span>\n\t\t\t\t\t\t\t\t\t\t<span class=\"elementor-icon-list-text\">Num\u00e9ro d'identification europ\u00e9en (EUID) : <b>DEJU.HRA31792<\/b><\/span>\n\t\t\t\t\t\t\t\t\t<\/li>\n\t\t\t\t\t\t\t\t<li class=\"elementor-icon-list-item\">\n\t\t\t\t\t\t\t\t\t\t\t<span class=\"elementor-icon-list-icon\">\n\t\t\t\t\t\t\t<svg aria-hidden=\"true\" class=\"e-font-icon-svg e-fas-circle\" viewBox=\"0 0 512 512\" xmlns=\"http:\/\/www.w3.org\/2000\/svg\"><path d=\"M256 8C119 8 8 119 8 256s111 248 248 248 248-111 248-248S393 8 256 8z\"><\/path><\/svg>\t\t\t\t\t\t<\/span>\n\t\t\t\t\t\t\t\t\t\t<span class=\"elementor-icon-list-text\">Num\u00e9ro TVA : <b>DE355369194<\/b><\/span>\n\t\t\t\t\t\t\t\t\t<\/li>\n\t\t\t\t\t\t\t\t<li class=\"elementor-icon-list-item\">\n\t\t\t\t\t\t\t\t\t\t\t<span class=\"elementor-icon-list-icon\">\n\t\t\t\t\t\t\t<svg aria-hidden=\"true\" class=\"e-font-icon-svg e-fas-circle\" viewBox=\"0 0 512 512\" xmlns=\"http:\/\/www.w3.org\/2000\/svg\"><path d=\"M256 8C119 8 8 119 8 256s111 248 248 248 248-111 248-248S393 8 256 8z\"><\/path><\/svg>\t\t\t\t\t\t<\/span>\n\t\t\t\t\t\t\t\t\t\t<span class=\"elementor-icon-list-text\">Responsables de la publication : <b>Doreen Albrecht<\/b><\/span>\n\t\t\t\t\t\t\t\t\t<\/li>\n\t\t\t\t\t\t<\/ul>\n\t\t\t\t\t\t<\/div>\n\t\t\t\t<\/div>\n\t\t\t\t<div class=\"elementor-element elementor-element-aa76354 elementor-widget-tablet__width-initial elementor-widget elementor-widget-heading\" data-id=\"aa76354\" data-element_type=\"widget\" data-e-type=\"widget\" data-widget_type=\"heading.default\">\n\t\t\t\t<div class=\"elementor-widget-container\">\n\t\t\t\t\t<h1 class=\"elementor-heading-title elementor-size-default\">POLITIQUE DE CONFIDENTIALIT\u00c9\n<\/h1>\t\t\t\t<\/div>\n\t\t\t\t<\/div>\n\t\t\t\t<div class=\"elementor-element elementor-element-f90d753 elementor-widget-tablet__width-initial elementor-widget elementor-widget-text-editor\" data-id=\"f90d753\" data-element_type=\"widget\" data-e-type=\"widget\" data-widget_type=\"text-editor.default\">\n\t\t\t\t<div class=\"elementor-widget-container\">\n\t\t\t\t\t\t\t\t\tUniquement les donn\u00e9es relatives au formulaire de contact si vous souhaitez nous contacter de cette mani\u00e8re et le cas \u00e9ch\u00e9ant, les donn\u00e9es relatives \u00e0 votre inscription sur le site ou \u00e0 vos commandes sur la boutique en ligne, (Civilit\u00e9, Nom, Pr\u00e9nom, Organisme, E-mail, T\u00e9l\u00e9phone, code postal, votre message). Ces donn\u00e9es sont collect\u00e9es dans le seul but de pouvoir communiquer avec vous en r\u00e9pondant \u00e0 votre demande si vous savez utilis\u00e9 le formulaire de contact configurer ma voiture, de vous informer de notre actualit\u00e9 dans le cas ou vous \u00eates abonn\u00e9s \u00e0 la newsletter et traiter vos commandes si vous avez r\u00e9alis\u00e9 un achat en ligne. Vos donn\u00e9es ne sont pas revendues \u00e0 des tiers. \u2013 Ces donn\u00e9es de formulaires sont conserv\u00e9es dans la base de donn\u00e9e du site pendant une dur\u00e9e maximale de 3 ans. Afin de prot\u00e9ger vos donn\u00e9es, les protections utilis\u00e9es sur ce site sont \u00e0 minima : mise en place d\u2019un protocole https, cryptage des mots de passe cms, protection DDoS.\n\t\t\t\t\t\t\t\t<\/div>\n\t\t\t\t<\/div>\n\t\t\t\t<div class=\"elementor-element elementor-element-b9be550 elementor-widget-tablet__width-initial elementor-widget elementor-widget-heading\" data-id=\"b9be550\" data-element_type=\"widget\" data-e-type=\"widget\" data-widget_type=\"heading.default\">\n\t\t\t\t<div class=\"elementor-widget-container\">\n\t\t\t\t\t<h1 class=\"elementor-heading-title elementor-size-default\">CONDITIONS G\u00c9N\u00c9RALES D\u2019UTILISATION DU SITE\n<\/h1>\t\t\t\t<\/div>\n\t\t\t\t<\/div>\n\t\t\t\t<div class=\"elementor-element elementor-element-d0e3b51 elementor-widget-tablet__width-initial elementor-widget elementor-widget-text-editor\" data-id=\"d0e3b51\" data-element_type=\"widget\" data-e-type=\"widget\" data-widget_type=\"text-editor.default\">\n\t\t\t\t<div class=\"elementor-widget-container\">\n\t\t\t\t\t\t\t\t\tLes informations fournies sur le site le sont \u00e0 titre informatif, et ne sauraient garantir l\u2019exactitude, la compl\u00e9tude, l\u2019actualit\u00e9 des informations diffus\u00e9es sur le site. Le responsable de la publication met tout en \u0153uvre pour offrir aux utilisateurs des informations v\u00e9rifi\u00e9s, mais ne saurait \u00eatre tenu pour responsable des erreurs, des omissions et d\u2019une absence de disponibilit\u00e9 des informations . En cons\u00e9quence, l\u2019utilisateur reconna\u00eet utiliser ces informations sous sa responsabilit\u00e9 exclusive. D\u2019une mani\u00e8re g\u00e9n\u00e9rale, le responsable de publication ne pourra \u00eatre tenu responsable des dommages directs ou indirects r\u00e9sultant de l\u2019utilisation de ce pr\u00e9sent site ou d\u2019autres sites qui lui sont li\u00e9s. Les sites ext\u00e9rieurs ayant un lien hypertexte avec le pr\u00e9sent site ne sont pas sous son contr\u00f4le et le responsable de publication d\u00e9cline par cons\u00e9quent toute responsabilit\u00e9 quant \u00e0 leur contenu. \n\n\t\t\t\t\t\t\t\t<\/div>\n\t\t\t\t<\/div>\n\t\t\t\t\t<\/div>\n\t\t\t\t<\/div>\n\t\t\t\t<\/div>\n\t\t","protected":false},"excerpt":{"rendered":"<p>PROPRI\u00c9T\u00c9 Le site asa-autohaus.de est la propri\u00e9t\u00e9 de ASA Autohaus GmbH &amp; Co. KG, entreprise immatricul\u00e9e aupr\u00e8s du registre du commerce et des soci\u00e9t\u00e9s de Stendal sous le num\u00e9ro HRA 31792, Si\u00e8ge en Allemagne : Holzplatz 8, 06110 Halle (Saale) Num\u00e9ro d&rsquo;identification europ\u00e9en (EUID) : DEJU.HRA31792 Num\u00e9ro TVA : DE355369194 Responsables de la publication : [&hellip;]<\/p>\n","protected":false},"author":1,"featured_media":0,"parent":0,"menu_order":0,"comment_status":"closed","ping_status":"closed","template":"","meta":{"_acf_changed":false,"footnotes":""},"class_list":["post-23535","page","type-page","status-publish","hentry"],"acf":[],"_links":{"self":[{"href":"https:\/\/asa-autohaus.de\/fr\/wp-json\/wp\/v2\/pages\/23535","targetHints":{"allow":["GET"]}}],"collection":[{"href":"https:\/\/asa-autohaus.de\/fr\/wp-json\/wp\/v2\/pages"}],"about":[{"href":"https:\/\/asa-autohaus.de\/fr\/wp-json\/wp\/v2\/types\/page"}],"author":[{"embeddable":true,"href":"https:\/\/asa-autohaus.de\/fr\/wp-json\/wp\/v2\/users\/1"}],"replies":[{"embeddable":true,"href":"https:\/\/asa-autohaus.de\/fr\/wp-json\/wp\/v2\/comments?post=23535"}],"version-history":[{"count":23,"href":"https:\/\/asa-autohaus.de\/fr\/wp-json\/wp\/v2\/pages\/23535\/revisions"}],"predecessor-version":[{"id":25412,"href":"https:\/\/asa-autohaus.de\/fr\/wp-json\/wp\/v2\/pages\/23535\/revisions\/25412"}],"wp:attachment":[{"href":"https:\/\/asa-autohaus.de\/fr\/wp-json\/wp\/v2\/media?parent=23535"}],"curies":[{"name":"wp","href":"https:\/\/api.w.org\/{rel}","templated":true}]}}