{"id":23535,"date":"2024-03-07T08:33:00","date_gmt":"2024-03-07T07:33:00","guid":{"rendered":"https:\/\/agepauto.fr\/?page_id=23535"},"modified":"2026-02-17T01:48:08","modified_gmt":"2026-02-17T00:48:08","slug":"informacao-juridica","status":"publish","type":"page","link":"https:\/\/asa-autohaus.de\/pt\/informacao-juridica\/","title":{"rendered":"Informa\u00e7\u00e3o jur\u00eddica"},"content":{"rendered":"<div data-elementor-type=\"wp-page\" data-elementor-id=\"23535\" class=\"elementor elementor-23535\" data-elementor-post-type=\"page\">\n\t\t\t\t<div class=\"elementor-element elementor-element-ad45e5d e-flex e-con-boxed e-con e-parent\" data-id=\"ad45e5d\" data-element_type=\"container\" data-e-type=\"container\">\n\t\t\t\t\t<div class=\"e-con-inner\">\n\t\t\t\t<div class=\"elementor-element elementor-element-1601cc2 elementor-widget-tablet__width-initial elementor-widget elementor-widget-heading\" data-id=\"1601cc2\" data-element_type=\"widget\" data-e-type=\"widget\" data-widget_type=\"heading.default\">\n\t\t\t\t<div class=\"elementor-widget-container\">\n\t\t\t\t\t<h1 class=\"elementor-heading-title elementor-size-default\">Informa\u00e7\u00e3o jur\u00eddica<\/h1>\t\t\t\t<\/div>\n\t\t\t\t<\/div>\n\t\t\t\t<div class=\"elementor-element elementor-element-f2a9bd9 elementor-widget-tablet__width-initial elementor-widget elementor-widget-heading\" data-id=\"f2a9bd9\" data-element_type=\"widget\" data-e-type=\"widget\" data-widget_type=\"heading.default\">\n\t\t\t\t<div class=\"elementor-widget-container\">\n\t\t\t\t\t<h1 class=\"elementor-heading-title elementor-size-default\">PROPRIEDADE<\/h1>\t\t\t\t<\/div>\n\t\t\t\t<\/div>\n\t\t\t\t<div class=\"elementor-element elementor-element-19ad913 elementor-widget-tablet__width-initial elementor-widget elementor-widget-text-editor\" data-id=\"19ad913\" data-element_type=\"widget\" data-e-type=\"widget\" data-widget_type=\"text-editor.default\">\n\t\t\t\t<div class=\"elementor-widget-container\">\n\t\t\t\t\t\t\t\t\t<p>O s\u00edtio Web <span style=\"text-decoration: underline;\"><strong>asa-autohaus.de <\/strong><\/span>\u00e9 propriedade da ASA Autohaus GmbH &amp; Co. KG, uma empresa registada no registo comercial de <strong>Stendal com o n\u00famero HRA 31792<\/strong>, Sede em <strong>Alemanha<\/strong> Holzplatz 8, 06110 Halle (Saale)<\/p>\t\t\t\t\t\t\t\t<\/div>\n\t\t\t\t<\/div>\n\t\t\t\t<div class=\"elementor-element elementor-element-f9043d2 elementor-icon-list--layout-traditional elementor-list-item-link-full_width elementor-widget elementor-widget-icon-list\" data-id=\"f9043d2\" data-element_type=\"widget\" data-e-type=\"widget\" data-widget_type=\"icon-list.default\">\n\t\t\t\t<div class=\"elementor-widget-container\">\n\t\t\t\t\t\t\t<ul class=\"elementor-icon-list-items\">\n\t\t\t\t\t\t\t<li class=\"elementor-icon-list-item\">\n\t\t\t\t\t\t\t\t\t\t\t<span class=\"elementor-icon-list-icon\">\n\t\t\t\t\t\t\t<svg aria-hidden=\"true\" class=\"e-font-icon-svg e-fas-circle\" viewbox=\"0 0 512 512\" xmlns=\"http:\/\/www.w3.org\/2000\/svg\"><path d=\"M256 8C119 8 8 119 8 256s111 248 248 248 248-111 248-248S393 8 256 8z\"><\/path><\/svg>\t\t\t\t\t\t<\/span>\n\t\t\t\t\t\t\t\t\t\t<span class=\"elementor-icon-list-text\">N\u00famero de identifica\u00e7\u00e3o europeu (EUID) : <b>DEJU.HRA31792<\/b><\/span>\n\t\t\t\t\t\t\t\t\t<\/li>\n\t\t\t\t\t\t\t\t<li class=\"elementor-icon-list-item\">\n\t\t\t\t\t\t\t\t\t\t\t<span class=\"elementor-icon-list-icon\">\n\t\t\t\t\t\t\t<svg aria-hidden=\"true\" class=\"e-font-icon-svg e-fas-circle\" viewbox=\"0 0 512 512\" xmlns=\"http:\/\/www.w3.org\/2000\/svg\"><path d=\"M256 8C119 8 8 119 8 256s111 248 248 248 248-111 248-248S393 8 256 8z\"><\/path><\/svg>\t\t\t\t\t\t<\/span>\n\t\t\t\t\t\t\t\t\t\t<span class=\"elementor-icon-list-text\">N\u00famero de IVA : <b>DE355369194<\/b><\/span>\n\t\t\t\t\t\t\t\t\t<\/li>\n\t\t\t\t\t\t\t\t<li class=\"elementor-icon-list-item\">\n\t\t\t\t\t\t\t\t\t\t\t<span class=\"elementor-icon-list-icon\">\n\t\t\t\t\t\t\t<svg aria-hidden=\"true\" class=\"e-font-icon-svg e-fas-circle\" viewbox=\"0 0 512 512\" xmlns=\"http:\/\/www.w3.org\/2000\/svg\"><path d=\"M256 8C119 8 8 119 8 256s111 248 248 248 248-111 248-248S393 8 256 8z\"><\/path><\/svg>\t\t\t\t\t\t<\/span>\n\t\t\t\t\t\t\t\t\t\t<span class=\"elementor-icon-list-text\">Respons\u00e1vel pela publica\u00e7\u00e3o : <b>Doreen Albrecht<\/b><\/span>\n\t\t\t\t\t\t\t\t\t<\/li>\n\t\t\t\t\t\t<\/ul>\n\t\t\t\t\t\t<\/div>\n\t\t\t\t<\/div>\n\t\t\t\t<div class=\"elementor-element elementor-element-aa76354 elementor-widget-tablet__width-initial elementor-widget elementor-widget-heading\" data-id=\"aa76354\" data-element_type=\"widget\" data-e-type=\"widget\" data-widget_type=\"heading.default\">\n\t\t\t\t<div class=\"elementor-widget-container\">\n\t\t\t\t\t<h1 class=\"elementor-heading-title elementor-size-default\">POL\u00cdTICA DE PRIVACIDADE\n<\/h1>\t\t\t\t<\/div>\n\t\t\t\t<\/div>\n\t\t\t\t<div class=\"elementor-element elementor-element-f90d753 elementor-widget-tablet__width-initial elementor-widget elementor-widget-text-editor\" data-id=\"f90d753\" data-element_type=\"widget\" data-e-type=\"widget\" data-widget_type=\"text-editor.default\">\n\t\t\t\t<div class=\"elementor-widget-container\">\n\t\t\t\t\t\t\t\t\tApenas os dados relativos ao formul\u00e1rio de contacto, se desejar contactar-nos desta forma, e, se for caso disso, os dados relativos \u00e0 sua inscri\u00e7\u00e3o no s\u00edtio ou \u00e0s suas encomendas na loja online (t\u00edtulo, apelido, nome pr\u00f3prio, organiza\u00e7\u00e3o, endere\u00e7o eletr\u00f3nico, n\u00famero de telefone, c\u00f3digo postal, a sua mensagem). Estes dados s\u00e3o recolhidos com a \u00fanica finalidade de poder comunicar consigo, respondendo ao seu pedido se tiver utilizado o formul\u00e1rio de contacto configure my car, para o informar das nossas \u00faltimas not\u00edcias se tiver subscrito a newsletter e para processar as suas encomendas se tiver efectuado uma compra em linha. Os seus dados n\u00e3o ser\u00e3o vendidos a terceiros. - Estes dados do formul\u00e1rio s\u00e3o conservados na base de dados do s\u00edtio durante um per\u00edodo m\u00e1ximo de 3 anos. A fim de proteger os seus dados, as protec\u00e7\u00f5es utilizadas neste s\u00edtio s\u00e3o, no m\u00ednimo: implementa\u00e7\u00e3o de um protocolo https, encripta\u00e7\u00e3o da palavra-passe do cms, prote\u00e7\u00e3o DDoS.\n\t\t\t\t\t\t\t\t<\/div>\n\t\t\t\t<\/div>\n\t\t\t\t<div class=\"elementor-element elementor-element-b9be550 elementor-widget-tablet__width-initial elementor-widget elementor-widget-heading\" data-id=\"b9be550\" data-element_type=\"widget\" data-e-type=\"widget\" data-widget_type=\"heading.default\">\n\t\t\t\t<div class=\"elementor-widget-container\">\n\t\t\t\t\t<h1 class=\"elementor-heading-title elementor-size-default\">TERMOS E CONDI\u00c7\u00d5ES GERAIS DE UTILIZA\u00c7\u00c3O DO S\u00cdTIO\n<\/h1>\t\t\t\t<\/div>\n\t\t\t\t<\/div>\n\t\t\t\t<div class=\"elementor-element elementor-element-d0e3b51 elementor-widget-tablet__width-initial elementor-widget elementor-widget-text-editor\" data-id=\"d0e3b51\" data-element_type=\"widget\" data-e-type=\"widget\" data-widget_type=\"text-editor.default\">\n\t\t\t\t<div class=\"elementor-widget-container\">\n\t\t\t\t\t\t\t\t\tAs informa\u00e7\u00f5es fornecidas no s\u00edtio destinam-se apenas a fins informativos e n\u00e3o garantem a exatid\u00e3o, a exaustividade ou a atualidade das informa\u00e7\u00f5es publicadas no s\u00edtio. A pessoa respons\u00e1vel pela publica\u00e7\u00e3o faz todos os esfor\u00e7os para oferecer aos utilizadores informa\u00e7\u00f5es verificadas, mas n\u00e3o pode ser responsabilizada por erros, omiss\u00f5es ou falta de disponibilidade de informa\u00e7\u00f5es. Por conseguinte, os utilizadores reconhecem que utilizam estas informa\u00e7\u00f5es sob a sua exclusiva responsabilidade. De um modo geral, o diretor da publica\u00e7\u00e3o n\u00e3o pode ser responsabilizado por quaisquer danos diretos ou indirectos resultantes da utiliza\u00e7\u00e3o deste s\u00edtio ou de outros s\u00edtios a ele ligados. Os s\u00edtios externos com uma liga\u00e7\u00e3o de hipertexto a este s\u00edtio n\u00e3o est\u00e3o sob o seu controlo, pelo que o respons\u00e1vel pela publica\u00e7\u00e3o declina qualquer responsabilidade pelo seu conte\u00fado. \n\n\t\t\t\t\t\t\t\t<\/div>\n\t\t\t\t<\/div>\n\t\t\t\t\t<\/div>\n\t\t\t\t<\/div>\n\t\t\t\t<\/div>","protected":false},"excerpt":{"rendered":"<p>PROPRI\u00c9T\u00c9 Le site asa-autohaus.de est la propri\u00e9t\u00e9 de ASA Autohaus GmbH &amp; Co. KG, entreprise immatricul\u00e9e aupr\u00e8s du registre du commerce et des soci\u00e9t\u00e9s de Stendal sous le num\u00e9ro HRA 31792, Si\u00e8ge en Allemagne : Holzplatz 8, 06110 Halle (Saale) Num\u00e9ro d&rsquo;identification europ\u00e9en (EUID) : DEJU.HRA31792 Num\u00e9ro TVA : DE355369194 Responsables de la publication : [&hellip;]<\/p>\n","protected":false},"author":1,"featured_media":0,"parent":0,"menu_order":0,"comment_status":"closed","ping_status":"closed","template":"","meta":{"_acf_changed":false,"footnotes":""},"class_list":["post-23535","page","type-page","status-publish","hentry"],"acf":[],"_links":{"self":[{"href":"https:\/\/asa-autohaus.de\/pt\/wp-json\/wp\/v2\/pages\/23535","targetHints":{"allow":["GET"]}}],"collection":[{"href":"https:\/\/asa-autohaus.de\/pt\/wp-json\/wp\/v2\/pages"}],"about":[{"href":"https:\/\/asa-autohaus.de\/pt\/wp-json\/wp\/v2\/types\/page"}],"author":[{"embeddable":true,"href":"https:\/\/asa-autohaus.de\/pt\/wp-json\/wp\/v2\/users\/1"}],"replies":[{"embeddable":true,"href":"https:\/\/asa-autohaus.de\/pt\/wp-json\/wp\/v2\/comments?post=23535"}],"version-history":[{"count":23,"href":"https:\/\/asa-autohaus.de\/pt\/wp-json\/wp\/v2\/pages\/23535\/revisions"}],"predecessor-version":[{"id":25412,"href":"https:\/\/asa-autohaus.de\/pt\/wp-json\/wp\/v2\/pages\/23535\/revisions\/25412"}],"wp:attachment":[{"href":"https:\/\/asa-autohaus.de\/pt\/wp-json\/wp\/v2\/media?parent=23535"}],"curies":[{"name":"wp","href":"https:\/\/api.w.org\/{rel}","templated":true}]}}